{"id":126,"date":"2022-07-13T10:13:50","date_gmt":"2022-07-13T10:13:50","guid":{"rendered":"https:\/\/www.badeleiter.de\/?page_id=126"},"modified":"2022-07-28T07:52:27","modified_gmt":"2022-07-28T07:52:27","slug":"fuer-pontos","status":"publish","type":"page","link":"https:\/\/www.badeleiter.de\/index.php\/fuer-pontos\/","title":{"rendered":"Badeleitern f\u00fcr Pontons"},"content":{"rendered":"<h2>Badeleiter f\u00fcr Potons<\/h2>\n<p>Badeleitern f\u00fcr frei schwimmende Plattformen erleichtern den Aufstieg und gew\u00e4hren Komfort und Sicherheit.<\/p>\n<p style=\"text-align: center;\">Badeleitern f\u00fcr Pontons sichern den einfachen Aufstieg auf frei schwimmende Plattformen. Hier kommt es insbesondere darauf an, dass die Badeleiter ausreichend weit ins Wasser hinein ragt, sodass der Aufstieg w\u00e4hrend des Badens sehr einfach m\u00f6glich ist und den Badespa\u00df nicht unn\u00f6tig erschwert.<\/p>\n<p>\t\t\t<a href=\"https:\/\/www.24ocean.de\/bootsausstattung\/ankern-anlegen\/badeleitern\/badeleitern-zum-nachruesten\" role=\"button\"><br \/>\n\t\t\t\t\t\tProduktauswahl im Partnershop<br \/>\n\t\t\t\t\t<\/a><\/p>\n<p>Sie suchen auch Badeleitern f\u00fcr Stege? Hier k\u00f6nnen wir Ihnen ebenfalls weiter helfen.<\/p>\n<p>\t\t\t<a href=\"https:\/\/www.badeleiter.de\/index.php\/badeleiter-fuer-stege\/\" role=\"button\"><br \/>\n\t\t\t\t\t\tWeiter zu Badeleitern f\u00fcr Stege<br \/>\n\t\t\t\t\t<\/a><\/p>\n","protected":false},"excerpt":{"rendered":"<p>Badeleiter f\u00fcr Potons Badeleitern f\u00fcr frei schwimmende Plattformen erleichtern den Aufstieg und gew\u00e4hren Komfort und Sicherheit. Badeleitern f\u00fcr Pontons sichern den einfachen Aufstieg auf frei schwimmende Plattformen. Hier kommt es insbesondere darauf an, dass die Badeleiter ausreichend weit ins Wasser hinein ragt, sodass der Aufstieg w\u00e4hrend des Badens sehr einfach m\u00f6glich ist und den Badespa\u00df [&hellip;]<\/p>\n","protected":false},"author":1,"featured_media":0,"parent":0,"menu_order":0,"comment_status":"closed","ping_status":"closed","template":"","meta":{"footnotes":""},"class_list":["post-126","page","type-page","status-publish","hentry"],"_links":{"self":[{"href":"https:\/\/www.badeleiter.de\/index.php\/wp-json\/wp\/v2\/pages\/126","targetHints":{"allow":["GET"]}}],"collection":[{"href":"https:\/\/www.badeleiter.de\/index.php\/wp-json\/wp\/v2\/pages"}],"about":[{"href":"https:\/\/www.badeleiter.de\/index.php\/wp-json\/wp\/v2\/types\/page"}],"author":[{"embeddable":true,"href":"https:\/\/www.badeleiter.de\/index.php\/wp-json\/wp\/v2\/users\/1"}],"replies":[{"embeddable":true,"href":"https:\/\/www.badeleiter.de\/index.php\/wp-json\/wp\/v2\/comments?post=126"}],"version-history":[{"count":57,"href":"https:\/\/www.badeleiter.de\/index.php\/wp-json\/wp\/v2\/pages\/126\/revisions"}],"predecessor-version":[{"id":680,"href":"https:\/\/www.badeleiter.de\/index.php\/wp-json\/wp\/v2\/pages\/126\/revisions\/680"}],"wp:attachment":[{"href":"https:\/\/www.badeleiter.de\/index.php\/wp-json\/wp\/v2\/media?parent=126"}],"curies":[{"name":"wp","href":"https:\/\/api.w.org\/{rel}","templated":true}]}}