{"id":139,"date":"2022-07-13T10:22:46","date_gmt":"2022-07-13T10:22:46","guid":{"rendered":"https:\/\/www.badeleiter.de\/?page_id=139"},"modified":"2022-07-28T08:02:16","modified_gmt":"2022-07-28T08:02:16","slug":"zubehoer","status":"publish","type":"page","link":"https:\/\/www.badeleiter.de\/index.php\/zubehoer\/","title":{"rendered":"Zubeh\u00f6r"},"content":{"rendered":"<h2>Zubeh\u00f6r<\/h2>\n<p>Ersatzteile und die richtigen Pflegeprodukten finden Sie ebenfalls bei uns. Haben Sie Fragen zur richtigen Reinigung? Dann stehen wir Ihnen zur Verf\u00fcgung.<\/p>\n<p style=\"text-align: center;\">Auf Zubeh\u00f6r f\u00fcr Badeleitern, Schwimmbad- und Poolleitern kann h\u00e4ufig nicht verzichtet werden. Neben Reparaturbedarf, bspw. Ersatzsprossen, ist auch das Thema Reinigung zu beachten. Abh\u00e4ngig von den an der Leiter verwendeten Materialien, wie auch vom Einsatzort, ben\u00f6tigt man unterschiedliche Reinigungs- und Pflegeprodukte. F\u00fcr besten Edelstahl-Glanz sorgt zum Beispiel die &#8222;Gold Range Super Yacht Metall Politur&#8220; von Yachticon. Wenn Ihre Badeleiter Teile aus Holz besitzt, achten Sie unbedingt auf ausreichenden Schutz mit einem guten Holz-\u00d6l, zum Beispiel &#8222;Teak \u00d6l Langzeitschutz&#8220; von Yachticon.<\/p>\n<p>\t\t\t<a href=\"https:\/\/www.24ocean.de\/bootsausstattung\/ankern-anlegen\/badeleitern\/badeleiter-zubehoer\" role=\"button\"><br \/>\n\t\t\t\t\t\tProduktauswahl im Partnershop<br \/>\n\t\t\t\t\t<\/a><\/p>\n<p>F\u00fcr eine \u00dcbersicht \u00fcber unsere gesamten Artikeln gehen Sie zur\u00fcck zur Startseite<\/p>\n<p>\t\t\t<a href=\"https:\/\/www.badeleiter.de\/\" role=\"button\"><br \/>\n\t\t\t\t\t\tZur\u00fcck zur Startseite<br \/>\n\t\t\t\t\t<\/a><\/p>\n","protected":false},"excerpt":{"rendered":"<p>Zubeh\u00f6r Ersatzteile und die richtigen Pflegeprodukten finden Sie ebenfalls bei uns. Haben Sie Fragen zur richtigen Reinigung? Dann stehen wir Ihnen zur Verf\u00fcgung. Auf Zubeh\u00f6r f\u00fcr Badeleitern, Schwimmbad- und Poolleitern kann h\u00e4ufig nicht verzichtet werden. Neben Reparaturbedarf, bspw. Ersatzsprossen, ist auch das Thema Reinigung zu beachten. Abh\u00e4ngig von den an der Leiter verwendeten Materialien, wie [&hellip;]<\/p>\n","protected":false},"author":1,"featured_media":0,"parent":0,"menu_order":0,"comment_status":"closed","ping_status":"closed","template":"","meta":{"footnotes":""},"class_list":["post-139","page","type-page","status-publish","hentry"],"_links":{"self":[{"href":"https:\/\/www.badeleiter.de\/index.php\/wp-json\/wp\/v2\/pages\/139","targetHints":{"allow":["GET"]}}],"collection":[{"href":"https:\/\/www.badeleiter.de\/index.php\/wp-json\/wp\/v2\/pages"}],"about":[{"href":"https:\/\/www.badeleiter.de\/index.php\/wp-json\/wp\/v2\/types\/page"}],"author":[{"embeddable":true,"href":"https:\/\/www.badeleiter.de\/index.php\/wp-json\/wp\/v2\/users\/1"}],"replies":[{"embeddable":true,"href":"https:\/\/www.badeleiter.de\/index.php\/wp-json\/wp\/v2\/comments?post=139"}],"version-history":[{"count":56,"href":"https:\/\/www.badeleiter.de\/index.php\/wp-json\/wp\/v2\/pages\/139\/revisions"}],"predecessor-version":[{"id":729,"href":"https:\/\/www.badeleiter.de\/index.php\/wp-json\/wp\/v2\/pages\/139\/revisions\/729"}],"wp:attachment":[{"href":"https:\/\/www.badeleiter.de\/index.php\/wp-json\/wp\/v2\/media?parent=139"}],"curies":[{"name":"wp","href":"https:\/\/api.w.org\/{rel}","templated":true}]}}